{"id":169,"date":"2024-10-24T19:29:50","date_gmt":"2024-10-24T17:29:50","guid":{"rendered":"https:\/\/www.carapacesrhodaniennes.com\/?page_id=169"},"modified":"2025-01-07T20:31:09","modified_gmt":"2025-01-07T19:31:09","slug":"nos-partenaires","status":"publish","type":"page","link":"https:\/\/www.carapacesrhodaniennes.com\/index.php\/nos-partenaires\/","title":{"rendered":"Nos partenaires"},"content":{"rendered":"\t\t<div data-elementor-type=\"wp-page\" data-elementor-id=\"169\" class=\"elementor elementor-169\">\n\t\t\t\t<div class=\"elementor-element elementor-element-2e2ee54a e-flex e-con-boxed e-con e-parent\" data-id=\"2e2ee54a\" data-element_type=\"container\" data-e-type=\"container\">\n\t\t\t\t\t<div class=\"e-con-inner\">\n\t\t\t\t<div class=\"elementor-element elementor-element-5b7f5596 elementor-widget elementor-widget-text-editor\" data-id=\"5b7f5596\" data-element_type=\"widget\" data-e-type=\"widget\" data-widget_type=\"text-editor.default\">\n\t\t\t\t<div class=\"elementor-widget-container\">\n\t\t\t\t\t\t\t\t\t\n<p>L&rsquo;association Carapaces Rhodaniennes collabore avec plusieurs partenaires :<\/p>\n\n<p>Nous collaborons avec <strong>la SPA de Lyon<\/strong> qui nous aide \u00e9norm\u00e9ment dans la r\u00e9alisation de notre projet de refuge pour accueillir des tortues en d\u00e9tresse. <a href=\"https:\/\/www.spa-lyon.org\/\">https:\/\/www.spa-lyon.org\/<\/a><\/p>\n\n<p>Nous collaborons \u00e9galement avec le <strong>Papote Club<\/strong> <a href=\"https:\/\/www.instagram.com\/papoteclub\/\">https:\/\/www.instagram.com\/papoteclub\/<\/a> association qui nous confectionne de petits objets que nous mettons \u00e0 la vente afin de financer les frais v\u00e9t\u00e9rinaires des tortues arriv\u00e9es en mauvais \u00e9tat dans notre association.<\/p>\n\n<p><strong>SOS Tortues Bretagne<\/strong> nous fournit de pr\u00e9cieux conseils dans nos d\u00e9marches pour la cr\u00e9ation de notre propre refuge. <a href=\"https:\/\/www.sostortuebretagne.com\/\">https:\/\/www.sostortuebretagne.com\/<\/a><\/p>\n\n<p><strong>Le centre de soins l&rsquo;Hirondelle<\/strong> est l&rsquo;un des plus grands centres de soins pour la faune sauvage de France. Il acceuille des animaux trouv\u00e9s dans les d\u00e9partements du Rh\u00f4ne, de la Loire, de la Dr\u00f4me et de l&rsquo;Ard\u00e8che. <a href=\"https:\/\/hirondelle.ovh\/\">https:\/\/hirondelle.ovh\/<\/a><\/p>\n\n<p><strong>Le refuge des Grandes Oreilles<\/strong> est un refuge de la r\u00e9gion lyonnaise qui recueille lapins et cochons d&rsquo;Inde abandonn\u00e9s, et tente de leur trouver une famille d\u2019accueil. <a href=\"https:\/\/lesgrandesoreilles.net\/le_refuge\">https:\/\/lesgrandesoreilles.net\/le_refuge<\/a><\/p>\n\n<p><strong>Le Conservatoire d&rsquo;Espaces Naturels (CEN) de Savoie,<\/strong> qui a proc\u00e9d\u00e9 \u00e0 la restauration des milieux puis \u00e0 la r\u00e9introduction des cistudes d&rsquo;Europe dans le lac de Bourget :<\/p>\n\n<p><a href=\"https:\/\/www.cen-savoie.org\/node\/215\">https:\/\/www.cen-savoie.org\/node\/215<\/a><\/p>\n<p><a href=\"https:\/\/cen-savoie.n2000.fr\/sites-natura-2000-cen-savoie\/lac-du-bourget-chautagne-s8-sauf-rhone\/enjeux-et-actions-de\">https:\/\/cen-savoie.n2000.fr\/sites-natura-2000-cen-savoie\/lac-du-bourget-chautagne-s8-sauf-rhone\/enjeux-et-actions-de<\/a><\/p>\n<p>\u00a0<\/p>\n<p><strong>L&rsquo;institut de Beaut\u00e9 Ath\u00e9na<\/strong> \u00e0 Guilherand-Granges nous soutien \u00e9norm\u00e9ment en proposant en d\u00e9p\u00f4t vente de nombreux articles qui nous permettent d&rsquo;acheter le mat\u00e9riel pour la cr\u00e9ation de notre refuge.<\/p>\n<p><a href=\"https:\/\/www.athena.fr\/\">https:\/\/www.athena.fr\/<\/a><\/p>\n<p>\u00a0<\/p>\n<p>\u00a0<\/p>\n\t\t\t\t\t\t\t\t<\/div>\n\t\t\t\t<\/div>\n\t\t\t\t\t<\/div>\n\t\t\t\t<\/div>\n\t\t<div class=\"elementor-element elementor-element-c128128 e-flex e-con-boxed e-con e-parent\" data-id=\"c128128\" data-element_type=\"container\" data-e-type=\"container\">\n\t\t\t\t\t<div class=\"e-con-inner\">\n\t\t\t\t<div class=\"elementor-element elementor-element-3d3164c elementor-widget elementor-widget-image\" data-id=\"3d3164c\" data-element_type=\"widget\" data-e-type=\"widget\" data-widget_type=\"image.default\">\n\t\t\t\t<div class=\"elementor-widget-container\">\n\t\t\t\t\t\t\t\t\t\t\t\t\t\t\t<img fetchpriority=\"high\" decoding=\"async\" width=\"1024\" height=\"686\" src=\"https:\/\/www.carapacesrhodaniennes.com\/wp-content\/uploads\/2024\/10\/Cistude-dEurope-galloitalica_RN-Plaine-des-Maures_15_05_14_DSC04929-1024x686.jpg\" class=\"attachment-large size-large wp-image-198\" alt=\"Cistude d&#039;Europe\" srcset=\"https:\/\/www.carapacesrhodaniennes.com\/wp-content\/uploads\/2024\/10\/Cistude-dEurope-galloitalica_RN-Plaine-des-Maures_15_05_14_DSC04929-1024x686.jpg 1024w, https:\/\/www.carapacesrhodaniennes.com\/wp-content\/uploads\/2024\/10\/Cistude-dEurope-galloitalica_RN-Plaine-des-Maures_15_05_14_DSC04929-300x201.jpg 300w, https:\/\/www.carapacesrhodaniennes.com\/wp-content\/uploads\/2024\/10\/Cistude-dEurope-galloitalica_RN-Plaine-des-Maures_15_05_14_DSC04929-768x514.jpg 768w, https:\/\/www.carapacesrhodaniennes.com\/wp-content\/uploads\/2024\/10\/Cistude-dEurope-galloitalica_RN-Plaine-des-Maures_15_05_14_DSC04929-598x400.jpg 598w, https:\/\/www.carapacesrhodaniennes.com\/wp-content\/uploads\/2024\/10\/Cistude-dEurope-galloitalica_RN-Plaine-des-Maures_15_05_14_DSC04929.jpg 1080w\" sizes=\"(max-width: 1024px) 100vw, 1024px\" \/>\t\t\t\t\t\t\t\t\t\t\t\t\t\t\t<\/div>\n\t\t\t\t<\/div>\n\t\t\t\t\t<\/div>\n\t\t\t\t<\/div>\n\t\t<div class=\"elementor-element elementor-element-3f79a91 e-flex e-con-boxed e-con e-parent\" data-id=\"3f79a91\" data-element_type=\"container\" data-e-type=\"container\">\n\t\t\t\t\t<div class=\"e-con-inner\">\n\t\t\t\t<div class=\"elementor-element elementor-element-159893a elementor-widget elementor-widget-text-editor\" data-id=\"159893a\" data-element_type=\"widget\" data-e-type=\"widget\" data-widget_type=\"text-editor.default\">\n\t\t\t\t<div class=\"elementor-widget-container\">\n\t\t\t\t\t\t\t\t\t<p>(Rappel : pour l&rsquo;instant les d\u00e9marches pour la cr\u00e9ation d&rsquo;un refuge \u00e9tant en cours, nous ne pouvons pas accueillir de nouvelles tortues)<\/p>\t\t\t\t\t\t\t\t<\/div>\n\t\t\t\t<\/div>\n\t\t\t\t\t<\/div>\n\t\t\t\t<\/div>\n\t\t\t\t<\/div>\n\t\t","protected":false},"excerpt":{"rendered":"<p>L&rsquo;association Carapaces Rhodaniennes collabore avec plusieurs partenaires : Nous collaborons avec la SPA de Lyon qui nous aide \u00e9norm\u00e9ment dans la r\u00e9alisation de notre projet de refuge pour accueillir des tortues en d\u00e9tresse. https:\/\/www.spa-lyon.org\/ Nous collaborons \u00e9galement avec le Papote &hellip; <a href=\"https:\/\/www.carapacesrhodaniennes.com\/index.php\/nos-partenaires\/\">Lire la suite\u00ad\u00ad<\/a><\/p>\n","protected":false},"author":1,"featured_media":198,"parent":0,"menu_order":0,"comment_status":"closed","ping_status":"closed","template":"","meta":{"_themeisle_gutenberg_block_has_review":false,"footnotes":""},"class_list":["post-169","page","type-page","status-publish","has-post-thumbnail","hentry"],"yoast_head":"<!-- This site is optimized with the Yoast SEO plugin v27.4 - https:\/\/yoast.com\/product\/yoast-seo-wordpress\/ -->\n<title>Nos partenaires - Association Carapaces Rhodaniennes<\/title>\n<meta name=\"description\" content=\"Liste des partenaires que nous rencontrons r\u00e9guli\u00e8rement lors de nos actions de sensibilisation ou pour des \u00e9changes de conseils\" \/>\n<meta name=\"robots\" content=\"index, follow, max-snippet:-1, max-image-preview:large, max-video-preview:-1\" \/>\n<link rel=\"canonical\" href=\"https:\/\/www.carapacesrhodaniennes.com\/index.php\/nos-partenaires\/\" \/>\n<meta property=\"og:locale\" content=\"fr_FR\" \/>\n<meta property=\"og:type\" content=\"article\" \/>\n<meta property=\"og:title\" content=\"Nos partenaires - Association Carapaces Rhodaniennes\" \/>\n<meta property=\"og:description\" content=\"Liste des partenaires que nous rencontrons r\u00e9guli\u00e8rement lors de nos actions de sensibilisation ou pour des \u00e9changes de conseils\" \/>\n<meta property=\"og:url\" content=\"https:\/\/www.carapacesrhodaniennes.com\/index.php\/nos-partenaires\/\" \/>\n<meta property=\"og:site_name\" content=\"Association Carapaces Rhodaniennes\" \/>\n<meta property=\"article:modified_time\" content=\"2025-01-07T19:31:09+00:00\" \/>\n<meta property=\"og:image\" content=\"https:\/\/www.carapacesrhodaniennes.com\/wp-content\/uploads\/2024\/10\/Cistude-dEurope-galloitalica_RN-Plaine-des-Maures_15_05_14_DSC04929.jpg\" \/>\n\t<meta property=\"og:image:width\" content=\"1080\" \/>\n\t<meta property=\"og:image:height\" content=\"723\" \/>\n\t<meta property=\"og:image:type\" content=\"image\/jpeg\" \/>\n<meta name=\"twitter:card\" content=\"summary_large_image\" \/>\n<meta name=\"twitter:label1\" content=\"Dur\u00e9e de lecture estim\u00e9e\" \/>\n\t<meta name=\"twitter:data1\" content=\"2 minutes\" \/>\n<script type=\"application\/ld+json\" class=\"yoast-schema-graph\">{\"@context\":\"https:\\\/\\\/schema.org\",\"@graph\":[{\"@type\":\"WebPage\",\"@id\":\"https:\\\/\\\/www.carapacesrhodaniennes.com\\\/index.php\\\/nos-partenaires\\\/\",\"url\":\"https:\\\/\\\/www.carapacesrhodaniennes.com\\\/index.php\\\/nos-partenaires\\\/\",\"name\":\"Nos partenaires - Association Carapaces Rhodaniennes\",\"isPartOf\":{\"@id\":\"https:\\\/\\\/www.carapacesrhodaniennes.com\\\/#website\"},\"primaryImageOfPage\":{\"@id\":\"https:\\\/\\\/www.carapacesrhodaniennes.com\\\/index.php\\\/nos-partenaires\\\/#primaryimage\"},\"image\":{\"@id\":\"https:\\\/\\\/www.carapacesrhodaniennes.com\\\/index.php\\\/nos-partenaires\\\/#primaryimage\"},\"thumbnailUrl\":\"https:\\\/\\\/www.carapacesrhodaniennes.com\\\/wp-content\\\/uploads\\\/2024\\\/10\\\/Cistude-dEurope-galloitalica_RN-Plaine-des-Maures_15_05_14_DSC04929.jpg\",\"datePublished\":\"2024-10-24T17:29:50+00:00\",\"dateModified\":\"2025-01-07T19:31:09+00:00\",\"description\":\"Liste des partenaires que nous rencontrons r\u00e9guli\u00e8rement lors de nos actions de sensibilisation ou pour des \u00e9changes de conseils\",\"breadcrumb\":{\"@id\":\"https:\\\/\\\/www.carapacesrhodaniennes.com\\\/index.php\\\/nos-partenaires\\\/#breadcrumb\"},\"inLanguage\":\"fr-FR\",\"potentialAction\":[{\"@type\":\"ReadAction\",\"target\":[\"https:\\\/\\\/www.carapacesrhodaniennes.com\\\/index.php\\\/nos-partenaires\\\/\"]}]},{\"@type\":\"ImageObject\",\"inLanguage\":\"fr-FR\",\"@id\":\"https:\\\/\\\/www.carapacesrhodaniennes.com\\\/index.php\\\/nos-partenaires\\\/#primaryimage\",\"url\":\"https:\\\/\\\/www.carapacesrhodaniennes.com\\\/wp-content\\\/uploads\\\/2024\\\/10\\\/Cistude-dEurope-galloitalica_RN-Plaine-des-Maures_15_05_14_DSC04929.jpg\",\"contentUrl\":\"https:\\\/\\\/www.carapacesrhodaniennes.com\\\/wp-content\\\/uploads\\\/2024\\\/10\\\/Cistude-dEurope-galloitalica_RN-Plaine-des-Maures_15_05_14_DSC04929.jpg\",\"width\":1080,\"height\":723,\"caption\":\"Cistude d'Europe\"},{\"@type\":\"BreadcrumbList\",\"@id\":\"https:\\\/\\\/www.carapacesrhodaniennes.com\\\/index.php\\\/nos-partenaires\\\/#breadcrumb\",\"itemListElement\":[{\"@type\":\"ListItem\",\"position\":1,\"name\":\"Accueil\",\"item\":\"https:\\\/\\\/www.carapacesrhodaniennes.com\\\/\"},{\"@type\":\"ListItem\",\"position\":2,\"name\":\"Nos partenaires\"}]},{\"@type\":\"WebSite\",\"@id\":\"https:\\\/\\\/www.carapacesrhodaniennes.com\\\/#website\",\"url\":\"https:\\\/\\\/www.carapacesrhodaniennes.com\\\/\",\"name\":\"Association Carapaces Rhodaniennes\",\"description\":\"Rien ne sert de courir, il faut partir \u00e0 point.\",\"publisher\":{\"@id\":\"https:\\\/\\\/www.carapacesrhodaniennes.com\\\/#organization\"},\"potentialAction\":[{\"@type\":\"SearchAction\",\"target\":{\"@type\":\"EntryPoint\",\"urlTemplate\":\"https:\\\/\\\/www.carapacesrhodaniennes.com\\\/?s={search_term_string}\"},\"query-input\":{\"@type\":\"PropertyValueSpecification\",\"valueRequired\":true,\"valueName\":\"search_term_string\"}}],\"inLanguage\":\"fr-FR\"},{\"@type\":\"Organization\",\"@id\":\"https:\\\/\\\/www.carapacesrhodaniennes.com\\\/#organization\",\"name\":\"Association Carapaces Rhodaniennes\",\"url\":\"https:\\\/\\\/www.carapacesrhodaniennes.com\\\/\",\"logo\":{\"@type\":\"ImageObject\",\"inLanguage\":\"fr-FR\",\"@id\":\"https:\\\/\\\/www.carapacesrhodaniennes.com\\\/#\\\/schema\\\/logo\\\/image\\\/\",\"url\":\"https:\\\/\\\/www.carapacesrhodaniennes.com\\\/wp-content\\\/uploads\\\/2024\\\/08\\\/cropped-LOGO_carapaces-rhodaniennes_format-JPG-1.jpg\",\"contentUrl\":\"https:\\\/\\\/www.carapacesrhodaniennes.com\\\/wp-content\\\/uploads\\\/2024\\\/08\\\/cropped-LOGO_carapaces-rhodaniennes_format-JPG-1.jpg\",\"width\":1381,\"height\":1386,\"caption\":\"Association Carapaces Rhodaniennes\"},\"image\":{\"@id\":\"https:\\\/\\\/www.carapacesrhodaniennes.com\\\/#\\\/schema\\\/logo\\\/image\\\/\"}}]}<\/script>\n<!-- \/ Yoast SEO plugin. -->","yoast_head_json":{"title":"Nos partenaires - Association Carapaces Rhodaniennes","description":"Liste des partenaires que nous rencontrons r\u00e9guli\u00e8rement lors de nos actions de sensibilisation ou pour des \u00e9changes de conseils","robots":{"index":"index","follow":"follow","max-snippet":"max-snippet:-1","max-image-preview":"max-image-preview:large","max-video-preview":"max-video-preview:-1"},"canonical":"https:\/\/www.carapacesrhodaniennes.com\/index.php\/nos-partenaires\/","og_locale":"fr_FR","og_type":"article","og_title":"Nos partenaires - Association Carapaces Rhodaniennes","og_description":"Liste des partenaires que nous rencontrons r\u00e9guli\u00e8rement lors de nos actions de sensibilisation ou pour des \u00e9changes de conseils","og_url":"https:\/\/www.carapacesrhodaniennes.com\/index.php\/nos-partenaires\/","og_site_name":"Association Carapaces Rhodaniennes","article_modified_time":"2025-01-07T19:31:09+00:00","og_image":[{"width":1080,"height":723,"url":"https:\/\/www.carapacesrhodaniennes.com\/wp-content\/uploads\/2024\/10\/Cistude-dEurope-galloitalica_RN-Plaine-des-Maures_15_05_14_DSC04929.jpg","type":"image\/jpeg"}],"twitter_card":"summary_large_image","twitter_misc":{"Dur\u00e9e de lecture estim\u00e9e":"2 minutes"},"schema":{"@context":"https:\/\/schema.org","@graph":[{"@type":"WebPage","@id":"https:\/\/www.carapacesrhodaniennes.com\/index.php\/nos-partenaires\/","url":"https:\/\/www.carapacesrhodaniennes.com\/index.php\/nos-partenaires\/","name":"Nos partenaires - Association Carapaces Rhodaniennes","isPartOf":{"@id":"https:\/\/www.carapacesrhodaniennes.com\/#website"},"primaryImageOfPage":{"@id":"https:\/\/www.carapacesrhodaniennes.com\/index.php\/nos-partenaires\/#primaryimage"},"image":{"@id":"https:\/\/www.carapacesrhodaniennes.com\/index.php\/nos-partenaires\/#primaryimage"},"thumbnailUrl":"https:\/\/www.carapacesrhodaniennes.com\/wp-content\/uploads\/2024\/10\/Cistude-dEurope-galloitalica_RN-Plaine-des-Maures_15_05_14_DSC04929.jpg","datePublished":"2024-10-24T17:29:50+00:00","dateModified":"2025-01-07T19:31:09+00:00","description":"Liste des partenaires que nous rencontrons r\u00e9guli\u00e8rement lors de nos actions de sensibilisation ou pour des \u00e9changes de conseils","breadcrumb":{"@id":"https:\/\/www.carapacesrhodaniennes.com\/index.php\/nos-partenaires\/#breadcrumb"},"inLanguage":"fr-FR","potentialAction":[{"@type":"ReadAction","target":["https:\/\/www.carapacesrhodaniennes.com\/index.php\/nos-partenaires\/"]}]},{"@type":"ImageObject","inLanguage":"fr-FR","@id":"https:\/\/www.carapacesrhodaniennes.com\/index.php\/nos-partenaires\/#primaryimage","url":"https:\/\/www.carapacesrhodaniennes.com\/wp-content\/uploads\/2024\/10\/Cistude-dEurope-galloitalica_RN-Plaine-des-Maures_15_05_14_DSC04929.jpg","contentUrl":"https:\/\/www.carapacesrhodaniennes.com\/wp-content\/uploads\/2024\/10\/Cistude-dEurope-galloitalica_RN-Plaine-des-Maures_15_05_14_DSC04929.jpg","width":1080,"height":723,"caption":"Cistude d'Europe"},{"@type":"BreadcrumbList","@id":"https:\/\/www.carapacesrhodaniennes.com\/index.php\/nos-partenaires\/#breadcrumb","itemListElement":[{"@type":"ListItem","position":1,"name":"Accueil","item":"https:\/\/www.carapacesrhodaniennes.com\/"},{"@type":"ListItem","position":2,"name":"Nos partenaires"}]},{"@type":"WebSite","@id":"https:\/\/www.carapacesrhodaniennes.com\/#website","url":"https:\/\/www.carapacesrhodaniennes.com\/","name":"Association Carapaces Rhodaniennes","description":"Rien ne sert de courir, il faut partir \u00e0 point.","publisher":{"@id":"https:\/\/www.carapacesrhodaniennes.com\/#organization"},"potentialAction":[{"@type":"SearchAction","target":{"@type":"EntryPoint","urlTemplate":"https:\/\/www.carapacesrhodaniennes.com\/?s={search_term_string}"},"query-input":{"@type":"PropertyValueSpecification","valueRequired":true,"valueName":"search_term_string"}}],"inLanguage":"fr-FR"},{"@type":"Organization","@id":"https:\/\/www.carapacesrhodaniennes.com\/#organization","name":"Association Carapaces Rhodaniennes","url":"https:\/\/www.carapacesrhodaniennes.com\/","logo":{"@type":"ImageObject","inLanguage":"fr-FR","@id":"https:\/\/www.carapacesrhodaniennes.com\/#\/schema\/logo\/image\/","url":"https:\/\/www.carapacesrhodaniennes.com\/wp-content\/uploads\/2024\/08\/cropped-LOGO_carapaces-rhodaniennes_format-JPG-1.jpg","contentUrl":"https:\/\/www.carapacesrhodaniennes.com\/wp-content\/uploads\/2024\/08\/cropped-LOGO_carapaces-rhodaniennes_format-JPG-1.jpg","width":1381,"height":1386,"caption":"Association Carapaces Rhodaniennes"},"image":{"@id":"https:\/\/www.carapacesrhodaniennes.com\/#\/schema\/logo\/image\/"}}]}},"_links":{"self":[{"href":"https:\/\/www.carapacesrhodaniennes.com\/index.php\/wp-json\/wp\/v2\/pages\/169","targetHints":{"allow":["GET"]}}],"collection":[{"href":"https:\/\/www.carapacesrhodaniennes.com\/index.php\/wp-json\/wp\/v2\/pages"}],"about":[{"href":"https:\/\/www.carapacesrhodaniennes.com\/index.php\/wp-json\/wp\/v2\/types\/page"}],"author":[{"embeddable":true,"href":"https:\/\/www.carapacesrhodaniennes.com\/index.php\/wp-json\/wp\/v2\/users\/1"}],"replies":[{"embeddable":true,"href":"https:\/\/www.carapacesrhodaniennes.com\/index.php\/wp-json\/wp\/v2\/comments?post=169"}],"version-history":[{"count":14,"href":"https:\/\/www.carapacesrhodaniennes.com\/index.php\/wp-json\/wp\/v2\/pages\/169\/revisions"}],"predecessor-version":[{"id":368,"href":"https:\/\/www.carapacesrhodaniennes.com\/index.php\/wp-json\/wp\/v2\/pages\/169\/revisions\/368"}],"wp:featuredmedia":[{"embeddable":true,"href":"https:\/\/www.carapacesrhodaniennes.com\/index.php\/wp-json\/wp\/v2\/media\/198"}],"wp:attachment":[{"href":"https:\/\/www.carapacesrhodaniennes.com\/index.php\/wp-json\/wp\/v2\/media?parent=169"}],"curies":[{"name":"wp","href":"https:\/\/api.w.org\/{rel}","templated":true}]}}