{"id":172,"date":"2024-10-24T19:43:23","date_gmt":"2024-10-24T17:43:23","guid":{"rendered":"https:\/\/www.carapacesrhodaniennes.com\/?page_id=172"},"modified":"2024-10-24T19:43:25","modified_gmt":"2024-10-24T17:43:25","slug":"dons","status":"publish","type":"page","link":"https:\/\/www.carapacesrhodaniennes.com\/index.php\/dons\/","title":{"rendered":"A quoi servent vos dons ?"},"content":{"rendered":"\n<p class=\"has-large-font-size\">Association loi 1901 d\u00e9clar\u00e9e \u00e0 la pr\u00e9fecture de la Dr\u00f4me, Carapaces Rhodaniennes s&rsquo;engage \u00e0 utiliser les dons vers\u00e9s uniquement dans le cadre de l&rsquo;objet de l&rsquo;association.<\/p>\n\n\n\n<p>Quelques exemples d&rsquo;utilisation de vos dons : <\/p>\n\n\n\n<ul class=\"wp-block-list\">\n<li>5 \u20ac pour une journ\u00e9e de nourriture pour 3 tortues de taille moyenne<\/li>\n\n\n\n<li>10 \u20ac pour acheter une ampoule chauffante<\/li>\n\n\n\n<li>20 \u20ac c&rsquo;est le prix d&rsquo;une journ\u00e9e d&rsquo;hospitalisation en clinique v\u00e9t\u00e9rinaire<\/li>\n\n\n\n<li>30\u20ac pour un n\u00e9on UV<\/li>\n\n\n\n<li>50\u20ac c&rsquo;est le tarif d&rsquo;une consultation v\u00e9t\u00e9rinaire pour une tortue<\/li>\n\n\n\n<li>70\u20ac cela peut \u00eatre une lampe UVA\/UVB, ou encore un soin pour une petite r\u00e9sine (r\u00e9paration de carapace)<\/li>\n\n\n\n<li>100 \u20ac pour une pompe externe d&rsquo;aquarium pour une tortue d&rsquo;eau<\/li>\n\n\n\n<li>150 \u20ac on peut trouver un terrarium d&rsquo;occasion<\/li>\n<\/ul>\n\n\n\n<figure class=\"wp-block-image size-large is-resized\"><img fetchpriority=\"high\" decoding=\"async\" width=\"1024\" height=\"1021\" src=\"https:\/\/www.carapacesrhodaniennes.com\/wp-content\/uploads\/2024\/10\/IMG-20241021-WA0001-e1729537474638-1024x1021.jpg\" alt=\"Testudo hermanni avec plaque pour r\u00e9paration fracture carapace\n\" class=\"wp-image-117\" style=\"width:383px;height:auto\" srcset=\"https:\/\/www.carapacesrhodaniennes.com\/wp-content\/uploads\/2024\/10\/IMG-20241021-WA0001-e1729537474638-1024x1021.jpg 1024w, https:\/\/www.carapacesrhodaniennes.com\/wp-content\/uploads\/2024\/10\/IMG-20241021-WA0001-e1729537474638-300x300.jpg 300w, https:\/\/www.carapacesrhodaniennes.com\/wp-content\/uploads\/2024\/10\/IMG-20241021-WA0001-e1729537474638-150x150.jpg 150w, https:\/\/www.carapacesrhodaniennes.com\/wp-content\/uploads\/2024\/10\/IMG-20241021-WA0001-e1729537474638-768x766.jpg 768w, https:\/\/www.carapacesrhodaniennes.com\/wp-content\/uploads\/2024\/10\/IMG-20241021-WA0001-e1729537474638.jpg 1200w\" sizes=\"(max-width: 1024px) 100vw, 1024px\" \/><\/figure>\n\n\n\n<p>Exemple de Tortue d&rsquo;Herrmann soign\u00e9e \u00e0 l&rsquo;aide d&rsquo;une plaque pour une fracture de la carapace<\/p>\n\n\n\n<p><\/p>\n\n\n\n<p><\/p>\n","protected":false},"excerpt":{"rendered":"<p>Association loi 1901 d\u00e9clar\u00e9e \u00e0 la pr\u00e9fecture de la Dr\u00f4me, Carapaces Rhodaniennes s&rsquo;engage \u00e0 utiliser les dons vers\u00e9s uniquement dans le cadre de l&rsquo;objet de l&rsquo;association. Quelques exemples d&rsquo;utilisation de vos dons : Exemple de Tortue d&rsquo;Herrmann soign\u00e9e \u00e0 l&rsquo;aide &hellip; <a href=\"https:\/\/www.carapacesrhodaniennes.com\/index.php\/dons\/\">Lire la suite\u00ad\u00ad<\/a><\/p>\n","protected":false},"author":1,"featured_media":0,"parent":0,"menu_order":0,"comment_status":"closed","ping_status":"closed","template":"","meta":{"_themeisle_gutenberg_block_has_review":false,"footnotes":""},"class_list":["post-172","page","type-page","status-publish","hentry"],"yoast_head":"<!-- This site is optimized with the Yoast SEO plugin v27.4 - https:\/\/yoast.com\/product\/yoast-seo-wordpress\/ -->\n<title>A quoi servent vos dons ? - Association Carapaces Rhodaniennes<\/title>\n<meta name=\"description\" content=\"Descriptif de ce que l&#039;association peut faire pour soigner les tortues abandonn\u00e9es en fonction du montant donn\u00e9.\" \/>\n<meta name=\"robots\" content=\"index, follow, max-snippet:-1, max-image-preview:large, max-video-preview:-1\" \/>\n<link rel=\"canonical\" href=\"https:\/\/www.carapacesrhodaniennes.com\/index.php\/dons\/\" \/>\n<meta property=\"og:locale\" content=\"fr_FR\" \/>\n<meta property=\"og:type\" content=\"article\" \/>\n<meta property=\"og:title\" content=\"A quoi servent vos dons ? - Association Carapaces Rhodaniennes\" \/>\n<meta property=\"og:description\" content=\"Descriptif de ce que l&#039;association peut faire pour soigner les tortues abandonn\u00e9es en fonction du montant donn\u00e9.\" \/>\n<meta property=\"og:url\" content=\"https:\/\/www.carapacesrhodaniennes.com\/index.php\/dons\/\" \/>\n<meta property=\"og:site_name\" content=\"Association Carapaces Rhodaniennes\" \/>\n<meta property=\"article:modified_time\" content=\"2024-10-24T17:43:25+00:00\" \/>\n<meta property=\"og:image\" content=\"http:\/\/www.carapacesrhodaniennes.com\/wp-content\/uploads\/2024\/10\/IMG-20241021-WA0001-e1729537474638-1024x1021.jpg\" \/>\n<meta name=\"twitter:card\" content=\"summary_large_image\" \/>\n<meta name=\"twitter:label1\" content=\"Dur\u00e9e de lecture estim\u00e9e\" \/>\n\t<meta name=\"twitter:data1\" content=\"1 minute\" \/>\n<script type=\"application\/ld+json\" class=\"yoast-schema-graph\">{\"@context\":\"https:\\\/\\\/schema.org\",\"@graph\":[{\"@type\":\"WebPage\",\"@id\":\"https:\\\/\\\/www.carapacesrhodaniennes.com\\\/index.php\\\/dons\\\/\",\"url\":\"https:\\\/\\\/www.carapacesrhodaniennes.com\\\/index.php\\\/dons\\\/\",\"name\":\"A quoi servent vos dons ? - Association Carapaces Rhodaniennes\",\"isPartOf\":{\"@id\":\"https:\\\/\\\/www.carapacesrhodaniennes.com\\\/#website\"},\"primaryImageOfPage\":{\"@id\":\"https:\\\/\\\/www.carapacesrhodaniennes.com\\\/index.php\\\/dons\\\/#primaryimage\"},\"image\":{\"@id\":\"https:\\\/\\\/www.carapacesrhodaniennes.com\\\/index.php\\\/dons\\\/#primaryimage\"},\"thumbnailUrl\":\"http:\\\/\\\/www.carapacesrhodaniennes.com\\\/wp-content\\\/uploads\\\/2024\\\/10\\\/IMG-20241021-WA0001-e1729537474638-1024x1021.jpg\",\"datePublished\":\"2024-10-24T17:43:23+00:00\",\"dateModified\":\"2024-10-24T17:43:25+00:00\",\"description\":\"Descriptif de ce que l'association peut faire pour soigner les tortues abandonn\u00e9es en fonction du montant donn\u00e9.\",\"breadcrumb\":{\"@id\":\"https:\\\/\\\/www.carapacesrhodaniennes.com\\\/index.php\\\/dons\\\/#breadcrumb\"},\"inLanguage\":\"fr-FR\",\"potentialAction\":[{\"@type\":\"ReadAction\",\"target\":[\"https:\\\/\\\/www.carapacesrhodaniennes.com\\\/index.php\\\/dons\\\/\"]}]},{\"@type\":\"ImageObject\",\"inLanguage\":\"fr-FR\",\"@id\":\"https:\\\/\\\/www.carapacesrhodaniennes.com\\\/index.php\\\/dons\\\/#primaryimage\",\"url\":\"https:\\\/\\\/www.carapacesrhodaniennes.com\\\/wp-content\\\/uploads\\\/2024\\\/10\\\/IMG-20241021-WA0001-e1729537474638.jpg\",\"contentUrl\":\"https:\\\/\\\/www.carapacesrhodaniennes.com\\\/wp-content\\\/uploads\\\/2024\\\/10\\\/IMG-20241021-WA0001-e1729537474638.jpg\",\"width\":1200,\"height\":1197},{\"@type\":\"BreadcrumbList\",\"@id\":\"https:\\\/\\\/www.carapacesrhodaniennes.com\\\/index.php\\\/dons\\\/#breadcrumb\",\"itemListElement\":[{\"@type\":\"ListItem\",\"position\":1,\"name\":\"Accueil\",\"item\":\"https:\\\/\\\/www.carapacesrhodaniennes.com\\\/\"},{\"@type\":\"ListItem\",\"position\":2,\"name\":\"A quoi servent vos dons ?\"}]},{\"@type\":\"WebSite\",\"@id\":\"https:\\\/\\\/www.carapacesrhodaniennes.com\\\/#website\",\"url\":\"https:\\\/\\\/www.carapacesrhodaniennes.com\\\/\",\"name\":\"Association Carapaces Rhodaniennes\",\"description\":\"Rien ne sert de courir, il faut partir \u00e0 point.\",\"publisher\":{\"@id\":\"https:\\\/\\\/www.carapacesrhodaniennes.com\\\/#organization\"},\"potentialAction\":[{\"@type\":\"SearchAction\",\"target\":{\"@type\":\"EntryPoint\",\"urlTemplate\":\"https:\\\/\\\/www.carapacesrhodaniennes.com\\\/?s={search_term_string}\"},\"query-input\":{\"@type\":\"PropertyValueSpecification\",\"valueRequired\":true,\"valueName\":\"search_term_string\"}}],\"inLanguage\":\"fr-FR\"},{\"@type\":\"Organization\",\"@id\":\"https:\\\/\\\/www.carapacesrhodaniennes.com\\\/#organization\",\"name\":\"Association Carapaces Rhodaniennes\",\"url\":\"https:\\\/\\\/www.carapacesrhodaniennes.com\\\/\",\"logo\":{\"@type\":\"ImageObject\",\"inLanguage\":\"fr-FR\",\"@id\":\"https:\\\/\\\/www.carapacesrhodaniennes.com\\\/#\\\/schema\\\/logo\\\/image\\\/\",\"url\":\"https:\\\/\\\/www.carapacesrhodaniennes.com\\\/wp-content\\\/uploads\\\/2024\\\/08\\\/cropped-LOGO_carapaces-rhodaniennes_format-JPG-1.jpg\",\"contentUrl\":\"https:\\\/\\\/www.carapacesrhodaniennes.com\\\/wp-content\\\/uploads\\\/2024\\\/08\\\/cropped-LOGO_carapaces-rhodaniennes_format-JPG-1.jpg\",\"width\":1381,\"height\":1386,\"caption\":\"Association Carapaces Rhodaniennes\"},\"image\":{\"@id\":\"https:\\\/\\\/www.carapacesrhodaniennes.com\\\/#\\\/schema\\\/logo\\\/image\\\/\"}}]}<\/script>\n<!-- \/ Yoast SEO plugin. -->","yoast_head_json":{"title":"A quoi servent vos dons ? - Association Carapaces Rhodaniennes","description":"Descriptif de ce que l'association peut faire pour soigner les tortues abandonn\u00e9es en fonction du montant donn\u00e9.","robots":{"index":"index","follow":"follow","max-snippet":"max-snippet:-1","max-image-preview":"max-image-preview:large","max-video-preview":"max-video-preview:-1"},"canonical":"https:\/\/www.carapacesrhodaniennes.com\/index.php\/dons\/","og_locale":"fr_FR","og_type":"article","og_title":"A quoi servent vos dons ? - Association Carapaces Rhodaniennes","og_description":"Descriptif de ce que l'association peut faire pour soigner les tortues abandonn\u00e9es en fonction du montant donn\u00e9.","og_url":"https:\/\/www.carapacesrhodaniennes.com\/index.php\/dons\/","og_site_name":"Association Carapaces Rhodaniennes","article_modified_time":"2024-10-24T17:43:25+00:00","og_image":[{"url":"http:\/\/www.carapacesrhodaniennes.com\/wp-content\/uploads\/2024\/10\/IMG-20241021-WA0001-e1729537474638-1024x1021.jpg","type":"","width":"","height":""}],"twitter_card":"summary_large_image","twitter_misc":{"Dur\u00e9e de lecture estim\u00e9e":"1 minute"},"schema":{"@context":"https:\/\/schema.org","@graph":[{"@type":"WebPage","@id":"https:\/\/www.carapacesrhodaniennes.com\/index.php\/dons\/","url":"https:\/\/www.carapacesrhodaniennes.com\/index.php\/dons\/","name":"A quoi servent vos dons ? - Association Carapaces Rhodaniennes","isPartOf":{"@id":"https:\/\/www.carapacesrhodaniennes.com\/#website"},"primaryImageOfPage":{"@id":"https:\/\/www.carapacesrhodaniennes.com\/index.php\/dons\/#primaryimage"},"image":{"@id":"https:\/\/www.carapacesrhodaniennes.com\/index.php\/dons\/#primaryimage"},"thumbnailUrl":"http:\/\/www.carapacesrhodaniennes.com\/wp-content\/uploads\/2024\/10\/IMG-20241021-WA0001-e1729537474638-1024x1021.jpg","datePublished":"2024-10-24T17:43:23+00:00","dateModified":"2024-10-24T17:43:25+00:00","description":"Descriptif de ce que l'association peut faire pour soigner les tortues abandonn\u00e9es en fonction du montant donn\u00e9.","breadcrumb":{"@id":"https:\/\/www.carapacesrhodaniennes.com\/index.php\/dons\/#breadcrumb"},"inLanguage":"fr-FR","potentialAction":[{"@type":"ReadAction","target":["https:\/\/www.carapacesrhodaniennes.com\/index.php\/dons\/"]}]},{"@type":"ImageObject","inLanguage":"fr-FR","@id":"https:\/\/www.carapacesrhodaniennes.com\/index.php\/dons\/#primaryimage","url":"https:\/\/www.carapacesrhodaniennes.com\/wp-content\/uploads\/2024\/10\/IMG-20241021-WA0001-e1729537474638.jpg","contentUrl":"https:\/\/www.carapacesrhodaniennes.com\/wp-content\/uploads\/2024\/10\/IMG-20241021-WA0001-e1729537474638.jpg","width":1200,"height":1197},{"@type":"BreadcrumbList","@id":"https:\/\/www.carapacesrhodaniennes.com\/index.php\/dons\/#breadcrumb","itemListElement":[{"@type":"ListItem","position":1,"name":"Accueil","item":"https:\/\/www.carapacesrhodaniennes.com\/"},{"@type":"ListItem","position":2,"name":"A quoi servent vos dons ?"}]},{"@type":"WebSite","@id":"https:\/\/www.carapacesrhodaniennes.com\/#website","url":"https:\/\/www.carapacesrhodaniennes.com\/","name":"Association Carapaces Rhodaniennes","description":"Rien ne sert de courir, il faut partir \u00e0 point.","publisher":{"@id":"https:\/\/www.carapacesrhodaniennes.com\/#organization"},"potentialAction":[{"@type":"SearchAction","target":{"@type":"EntryPoint","urlTemplate":"https:\/\/www.carapacesrhodaniennes.com\/?s={search_term_string}"},"query-input":{"@type":"PropertyValueSpecification","valueRequired":true,"valueName":"search_term_string"}}],"inLanguage":"fr-FR"},{"@type":"Organization","@id":"https:\/\/www.carapacesrhodaniennes.com\/#organization","name":"Association Carapaces Rhodaniennes","url":"https:\/\/www.carapacesrhodaniennes.com\/","logo":{"@type":"ImageObject","inLanguage":"fr-FR","@id":"https:\/\/www.carapacesrhodaniennes.com\/#\/schema\/logo\/image\/","url":"https:\/\/www.carapacesrhodaniennes.com\/wp-content\/uploads\/2024\/08\/cropped-LOGO_carapaces-rhodaniennes_format-JPG-1.jpg","contentUrl":"https:\/\/www.carapacesrhodaniennes.com\/wp-content\/uploads\/2024\/08\/cropped-LOGO_carapaces-rhodaniennes_format-JPG-1.jpg","width":1381,"height":1386,"caption":"Association Carapaces Rhodaniennes"},"image":{"@id":"https:\/\/www.carapacesrhodaniennes.com\/#\/schema\/logo\/image\/"}}]}},"_links":{"self":[{"href":"https:\/\/www.carapacesrhodaniennes.com\/index.php\/wp-json\/wp\/v2\/pages\/172","targetHints":{"allow":["GET"]}}],"collection":[{"href":"https:\/\/www.carapacesrhodaniennes.com\/index.php\/wp-json\/wp\/v2\/pages"}],"about":[{"href":"https:\/\/www.carapacesrhodaniennes.com\/index.php\/wp-json\/wp\/v2\/types\/page"}],"author":[{"embeddable":true,"href":"https:\/\/www.carapacesrhodaniennes.com\/index.php\/wp-json\/wp\/v2\/users\/1"}],"replies":[{"embeddable":true,"href":"https:\/\/www.carapacesrhodaniennes.com\/index.php\/wp-json\/wp\/v2\/comments?post=172"}],"version-history":[{"count":1,"href":"https:\/\/www.carapacesrhodaniennes.com\/index.php\/wp-json\/wp\/v2\/pages\/172\/revisions"}],"predecessor-version":[{"id":173,"href":"https:\/\/www.carapacesrhodaniennes.com\/index.php\/wp-json\/wp\/v2\/pages\/172\/revisions\/173"}],"wp:attachment":[{"href":"https:\/\/www.carapacesrhodaniennes.com\/index.php\/wp-json\/wp\/v2\/media?parent=172"}],"curies":[{"name":"wp","href":"https:\/\/api.w.org\/{rel}","templated":true}]}}