{"id":41,"date":"2024-09-12T23:08:55","date_gmt":"2024-09-12T21:08:55","guid":{"rendered":"https:\/\/carapaf.cluster029.hosting.ovh.net\/?page_id=41"},"modified":"2024-10-24T20:28:45","modified_gmt":"2024-10-24T18:28:45","slug":"qui-sommes-nous","status":"publish","type":"page","link":"https:\/\/www.carapacesrhodaniennes.com\/index.php\/qui-sommes-nous\/","title":{"rendered":"Qui sommes nous?"},"content":{"rendered":"\n<p>Carapaces Rhodaniennes est une association loi 1901 compos\u00e9e de passionn\u00e9s et de professionnels de la sant\u00e9 animale, tous b\u00e9n\u00e9voles.<\/p>\n\n\n\n<p>Notre objectif est la pr\u00e9servation et le bien-\u00eatre des tortues. <br>A ce titre nos missions sont ax\u00e9es sur l&rsquo;accompagnement, l&rsquo;information et la sensibilisation des publics aux diff\u00e9rentes esp\u00e8ces de tortues.<\/p>\n\n\n\n<p>L&rsquo;association a pour projet de cr\u00e9er un refuge dans le respect de la r\u00e8glementation. Pour l&rsquo;instant les d\u00e9marches \u00e9tant en cours, nous ne pouvons pas accueillir de nouvelles prot\u00e9g\u00e9es.<\/p>\n\n\n\n<figure class=\"wp-block-image size-large is-resized\"><img fetchpriority=\"high\" decoding=\"async\" width=\"1020\" height=\"1024\" src=\"https:\/\/www.carapacesrhodaniennes.com\/wp-content\/uploads\/2024\/08\/cropped-LOGO_carapaces-rhodaniennes_format-JPG-1-1020x1024.jpg\" alt=\"Logo carapaces rhodaniennes\" class=\"wp-image-21\" style=\"width:315px;height:auto\" srcset=\"https:\/\/www.carapacesrhodaniennes.com\/wp-content\/uploads\/2024\/08\/cropped-LOGO_carapaces-rhodaniennes_format-JPG-1-1020x1024.jpg 1020w, https:\/\/www.carapacesrhodaniennes.com\/wp-content\/uploads\/2024\/08\/cropped-LOGO_carapaces-rhodaniennes_format-JPG-1-300x300.jpg 300w, https:\/\/www.carapacesrhodaniennes.com\/wp-content\/uploads\/2024\/08\/cropped-LOGO_carapaces-rhodaniennes_format-JPG-1-150x150.jpg 150w, https:\/\/www.carapacesrhodaniennes.com\/wp-content\/uploads\/2024\/08\/cropped-LOGO_carapaces-rhodaniennes_format-JPG-1-768x771.jpg 768w, https:\/\/www.carapacesrhodaniennes.com\/wp-content\/uploads\/2024\/08\/cropped-LOGO_carapaces-rhodaniennes_format-JPG-1.jpg 1381w\" sizes=\"(max-width: 1020px) 100vw, 1020px\" \/><\/figure>\n","protected":false},"excerpt":{"rendered":"<p>Carapaces Rhodaniennes est une association loi 1901 compos\u00e9e de passionn\u00e9s et de professionnels de la sant\u00e9 animale, tous b\u00e9n\u00e9voles. Notre objectif est la pr\u00e9servation et le bien-\u00eatre des tortues. A ce titre nos missions sont ax\u00e9es sur l&rsquo;accompagnement, l&rsquo;information et &hellip; <a href=\"https:\/\/www.carapacesrhodaniennes.com\/index.php\/qui-sommes-nous\/\">Lire la suite\u00ad\u00ad<\/a><\/p>\n","protected":false},"author":1,"featured_media":0,"parent":0,"menu_order":0,"comment_status":"closed","ping_status":"closed","template":"","meta":{"_themeisle_gutenberg_block_has_review":false,"footnotes":""},"class_list":["post-41","page","type-page","status-publish","hentry"],"yoast_head":"<!-- This site is optimized with the Yoast SEO plugin v27.4 - https:\/\/yoast.com\/product\/yoast-seo-wordpress\/ -->\n<title>Qui sommes nous? - Association Carapaces Rhodaniennes<\/title>\n<meta name=\"description\" content=\"pr\u00e9sentation de l&#039;association Carapaces Rhodaniennes et de ses partenaires. Comment soutenir l&#039;association et comment nous contacter\" \/>\n<meta name=\"robots\" content=\"index, follow, max-snippet:-1, max-image-preview:large, max-video-preview:-1\" \/>\n<link rel=\"canonical\" href=\"https:\/\/www.carapacesrhodaniennes.com\/index.php\/qui-sommes-nous\/\" \/>\n<meta property=\"og:locale\" content=\"fr_FR\" \/>\n<meta property=\"og:type\" content=\"article\" \/>\n<meta property=\"og:title\" content=\"Qui sommes nous? - Association Carapaces Rhodaniennes\" \/>\n<meta property=\"og:description\" content=\"pr\u00e9sentation de l&#039;association Carapaces Rhodaniennes et de ses partenaires. Comment soutenir l&#039;association et comment nous contacter\" \/>\n<meta property=\"og:url\" content=\"https:\/\/www.carapacesrhodaniennes.com\/index.php\/qui-sommes-nous\/\" \/>\n<meta property=\"og:site_name\" content=\"Association Carapaces Rhodaniennes\" \/>\n<meta property=\"article:modified_time\" content=\"2024-10-24T18:28:45+00:00\" \/>\n<meta property=\"og:image\" content=\"http:\/\/www.carapacesrhodaniennes.com\/wp-content\/uploads\/2024\/08\/cropped-LOGO_carapaces-rhodaniennes_format-JPG-1-1020x1024.jpg\" \/>\n<meta name=\"twitter:card\" content=\"summary_large_image\" \/>\n<meta name=\"twitter:label1\" content=\"Dur\u00e9e de lecture estim\u00e9e\" \/>\n\t<meta name=\"twitter:data1\" content=\"1 minute\" \/>\n<script type=\"application\/ld+json\" class=\"yoast-schema-graph\">{\"@context\":\"https:\\\/\\\/schema.org\",\"@graph\":[{\"@type\":\"WebPage\",\"@id\":\"https:\\\/\\\/www.carapacesrhodaniennes.com\\\/index.php\\\/qui-sommes-nous\\\/\",\"url\":\"https:\\\/\\\/www.carapacesrhodaniennes.com\\\/index.php\\\/qui-sommes-nous\\\/\",\"name\":\"Qui sommes nous? - Association Carapaces Rhodaniennes\",\"isPartOf\":{\"@id\":\"https:\\\/\\\/www.carapacesrhodaniennes.com\\\/#website\"},\"primaryImageOfPage\":{\"@id\":\"https:\\\/\\\/www.carapacesrhodaniennes.com\\\/index.php\\\/qui-sommes-nous\\\/#primaryimage\"},\"image\":{\"@id\":\"https:\\\/\\\/www.carapacesrhodaniennes.com\\\/index.php\\\/qui-sommes-nous\\\/#primaryimage\"},\"thumbnailUrl\":\"http:\\\/\\\/www.carapacesrhodaniennes.com\\\/wp-content\\\/uploads\\\/2024\\\/08\\\/cropped-LOGO_carapaces-rhodaniennes_format-JPG-1-1020x1024.jpg\",\"datePublished\":\"2024-09-12T21:08:55+00:00\",\"dateModified\":\"2024-10-24T18:28:45+00:00\",\"description\":\"pr\u00e9sentation de l'association Carapaces Rhodaniennes et de ses partenaires. Comment soutenir l'association et comment nous contacter\",\"breadcrumb\":{\"@id\":\"https:\\\/\\\/www.carapacesrhodaniennes.com\\\/index.php\\\/qui-sommes-nous\\\/#breadcrumb\"},\"inLanguage\":\"fr-FR\",\"potentialAction\":[{\"@type\":\"ReadAction\",\"target\":[\"https:\\\/\\\/www.carapacesrhodaniennes.com\\\/index.php\\\/qui-sommes-nous\\\/\"]}]},{\"@type\":\"ImageObject\",\"inLanguage\":\"fr-FR\",\"@id\":\"https:\\\/\\\/www.carapacesrhodaniennes.com\\\/index.php\\\/qui-sommes-nous\\\/#primaryimage\",\"url\":\"https:\\\/\\\/www.carapacesrhodaniennes.com\\\/wp-content\\\/uploads\\\/2024\\\/08\\\/cropped-LOGO_carapaces-rhodaniennes_format-JPG-1.jpg\",\"contentUrl\":\"https:\\\/\\\/www.carapacesrhodaniennes.com\\\/wp-content\\\/uploads\\\/2024\\\/08\\\/cropped-LOGO_carapaces-rhodaniennes_format-JPG-1.jpg\",\"width\":1381,\"height\":1386,\"caption\":\"Logo carapaces rhodaniennes\"},{\"@type\":\"BreadcrumbList\",\"@id\":\"https:\\\/\\\/www.carapacesrhodaniennes.com\\\/index.php\\\/qui-sommes-nous\\\/#breadcrumb\",\"itemListElement\":[{\"@type\":\"ListItem\",\"position\":1,\"name\":\"Accueil\",\"item\":\"https:\\\/\\\/www.carapacesrhodaniennes.com\\\/\"},{\"@type\":\"ListItem\",\"position\":2,\"name\":\"Qui sommes nous?\"}]},{\"@type\":\"WebSite\",\"@id\":\"https:\\\/\\\/www.carapacesrhodaniennes.com\\\/#website\",\"url\":\"https:\\\/\\\/www.carapacesrhodaniennes.com\\\/\",\"name\":\"Association Carapaces Rhodaniennes\",\"description\":\"Rien ne sert de courir, il faut partir \u00e0 point.\",\"publisher\":{\"@id\":\"https:\\\/\\\/www.carapacesrhodaniennes.com\\\/#organization\"},\"potentialAction\":[{\"@type\":\"SearchAction\",\"target\":{\"@type\":\"EntryPoint\",\"urlTemplate\":\"https:\\\/\\\/www.carapacesrhodaniennes.com\\\/?s={search_term_string}\"},\"query-input\":{\"@type\":\"PropertyValueSpecification\",\"valueRequired\":true,\"valueName\":\"search_term_string\"}}],\"inLanguage\":\"fr-FR\"},{\"@type\":\"Organization\",\"@id\":\"https:\\\/\\\/www.carapacesrhodaniennes.com\\\/#organization\",\"name\":\"Association Carapaces Rhodaniennes\",\"url\":\"https:\\\/\\\/www.carapacesrhodaniennes.com\\\/\",\"logo\":{\"@type\":\"ImageObject\",\"inLanguage\":\"fr-FR\",\"@id\":\"https:\\\/\\\/www.carapacesrhodaniennes.com\\\/#\\\/schema\\\/logo\\\/image\\\/\",\"url\":\"https:\\\/\\\/www.carapacesrhodaniennes.com\\\/wp-content\\\/uploads\\\/2024\\\/08\\\/cropped-LOGO_carapaces-rhodaniennes_format-JPG-1.jpg\",\"contentUrl\":\"https:\\\/\\\/www.carapacesrhodaniennes.com\\\/wp-content\\\/uploads\\\/2024\\\/08\\\/cropped-LOGO_carapaces-rhodaniennes_format-JPG-1.jpg\",\"width\":1381,\"height\":1386,\"caption\":\"Association Carapaces Rhodaniennes\"},\"image\":{\"@id\":\"https:\\\/\\\/www.carapacesrhodaniennes.com\\\/#\\\/schema\\\/logo\\\/image\\\/\"}}]}<\/script>\n<!-- \/ Yoast SEO plugin. -->","yoast_head_json":{"title":"Qui sommes nous? - Association Carapaces Rhodaniennes","description":"pr\u00e9sentation de l'association Carapaces Rhodaniennes et de ses partenaires. Comment soutenir l'association et comment nous contacter","robots":{"index":"index","follow":"follow","max-snippet":"max-snippet:-1","max-image-preview":"max-image-preview:large","max-video-preview":"max-video-preview:-1"},"canonical":"https:\/\/www.carapacesrhodaniennes.com\/index.php\/qui-sommes-nous\/","og_locale":"fr_FR","og_type":"article","og_title":"Qui sommes nous? - Association Carapaces Rhodaniennes","og_description":"pr\u00e9sentation de l'association Carapaces Rhodaniennes et de ses partenaires. Comment soutenir l'association et comment nous contacter","og_url":"https:\/\/www.carapacesrhodaniennes.com\/index.php\/qui-sommes-nous\/","og_site_name":"Association Carapaces Rhodaniennes","article_modified_time":"2024-10-24T18:28:45+00:00","og_image":[{"url":"http:\/\/www.carapacesrhodaniennes.com\/wp-content\/uploads\/2024\/08\/cropped-LOGO_carapaces-rhodaniennes_format-JPG-1-1020x1024.jpg","type":"","width":"","height":""}],"twitter_card":"summary_large_image","twitter_misc":{"Dur\u00e9e de lecture estim\u00e9e":"1 minute"},"schema":{"@context":"https:\/\/schema.org","@graph":[{"@type":"WebPage","@id":"https:\/\/www.carapacesrhodaniennes.com\/index.php\/qui-sommes-nous\/","url":"https:\/\/www.carapacesrhodaniennes.com\/index.php\/qui-sommes-nous\/","name":"Qui sommes nous? - Association Carapaces Rhodaniennes","isPartOf":{"@id":"https:\/\/www.carapacesrhodaniennes.com\/#website"},"primaryImageOfPage":{"@id":"https:\/\/www.carapacesrhodaniennes.com\/index.php\/qui-sommes-nous\/#primaryimage"},"image":{"@id":"https:\/\/www.carapacesrhodaniennes.com\/index.php\/qui-sommes-nous\/#primaryimage"},"thumbnailUrl":"http:\/\/www.carapacesrhodaniennes.com\/wp-content\/uploads\/2024\/08\/cropped-LOGO_carapaces-rhodaniennes_format-JPG-1-1020x1024.jpg","datePublished":"2024-09-12T21:08:55+00:00","dateModified":"2024-10-24T18:28:45+00:00","description":"pr\u00e9sentation de l'association Carapaces Rhodaniennes et de ses partenaires. Comment soutenir l'association et comment nous contacter","breadcrumb":{"@id":"https:\/\/www.carapacesrhodaniennes.com\/index.php\/qui-sommes-nous\/#breadcrumb"},"inLanguage":"fr-FR","potentialAction":[{"@type":"ReadAction","target":["https:\/\/www.carapacesrhodaniennes.com\/index.php\/qui-sommes-nous\/"]}]},{"@type":"ImageObject","inLanguage":"fr-FR","@id":"https:\/\/www.carapacesrhodaniennes.com\/index.php\/qui-sommes-nous\/#primaryimage","url":"https:\/\/www.carapacesrhodaniennes.com\/wp-content\/uploads\/2024\/08\/cropped-LOGO_carapaces-rhodaniennes_format-JPG-1.jpg","contentUrl":"https:\/\/www.carapacesrhodaniennes.com\/wp-content\/uploads\/2024\/08\/cropped-LOGO_carapaces-rhodaniennes_format-JPG-1.jpg","width":1381,"height":1386,"caption":"Logo carapaces rhodaniennes"},{"@type":"BreadcrumbList","@id":"https:\/\/www.carapacesrhodaniennes.com\/index.php\/qui-sommes-nous\/#breadcrumb","itemListElement":[{"@type":"ListItem","position":1,"name":"Accueil","item":"https:\/\/www.carapacesrhodaniennes.com\/"},{"@type":"ListItem","position":2,"name":"Qui sommes nous?"}]},{"@type":"WebSite","@id":"https:\/\/www.carapacesrhodaniennes.com\/#website","url":"https:\/\/www.carapacesrhodaniennes.com\/","name":"Association Carapaces Rhodaniennes","description":"Rien ne sert de courir, il faut partir \u00e0 point.","publisher":{"@id":"https:\/\/www.carapacesrhodaniennes.com\/#organization"},"potentialAction":[{"@type":"SearchAction","target":{"@type":"EntryPoint","urlTemplate":"https:\/\/www.carapacesrhodaniennes.com\/?s={search_term_string}"},"query-input":{"@type":"PropertyValueSpecification","valueRequired":true,"valueName":"search_term_string"}}],"inLanguage":"fr-FR"},{"@type":"Organization","@id":"https:\/\/www.carapacesrhodaniennes.com\/#organization","name":"Association Carapaces Rhodaniennes","url":"https:\/\/www.carapacesrhodaniennes.com\/","logo":{"@type":"ImageObject","inLanguage":"fr-FR","@id":"https:\/\/www.carapacesrhodaniennes.com\/#\/schema\/logo\/image\/","url":"https:\/\/www.carapacesrhodaniennes.com\/wp-content\/uploads\/2024\/08\/cropped-LOGO_carapaces-rhodaniennes_format-JPG-1.jpg","contentUrl":"https:\/\/www.carapacesrhodaniennes.com\/wp-content\/uploads\/2024\/08\/cropped-LOGO_carapaces-rhodaniennes_format-JPG-1.jpg","width":1381,"height":1386,"caption":"Association Carapaces Rhodaniennes"},"image":{"@id":"https:\/\/www.carapacesrhodaniennes.com\/#\/schema\/logo\/image\/"}}]}},"_links":{"self":[{"href":"https:\/\/www.carapacesrhodaniennes.com\/index.php\/wp-json\/wp\/v2\/pages\/41","targetHints":{"allow":["GET"]}}],"collection":[{"href":"https:\/\/www.carapacesrhodaniennes.com\/index.php\/wp-json\/wp\/v2\/pages"}],"about":[{"href":"https:\/\/www.carapacesrhodaniennes.com\/index.php\/wp-json\/wp\/v2\/types\/page"}],"author":[{"embeddable":true,"href":"https:\/\/www.carapacesrhodaniennes.com\/index.php\/wp-json\/wp\/v2\/users\/1"}],"replies":[{"embeddable":true,"href":"https:\/\/www.carapacesrhodaniennes.com\/index.php\/wp-json\/wp\/v2\/comments?post=41"}],"version-history":[{"count":9,"href":"https:\/\/www.carapacesrhodaniennes.com\/index.php\/wp-json\/wp\/v2\/pages\/41\/revisions"}],"predecessor-version":[{"id":180,"href":"https:\/\/www.carapacesrhodaniennes.com\/index.php\/wp-json\/wp\/v2\/pages\/41\/revisions\/180"}],"wp:attachment":[{"href":"https:\/\/www.carapacesrhodaniennes.com\/index.php\/wp-json\/wp\/v2\/media?parent=41"}],"curies":[{"name":"wp","href":"https:\/\/api.w.org\/{rel}","templated":true}]}}