{"id":58,"date":"2024-09-12T23:17:58","date_gmt":"2024-09-12T21:17:58","guid":{"rendered":"https:\/\/carapaf.cluster029.hosting.ovh.net\/?page_id=58"},"modified":"2024-11-06T19:37:10","modified_gmt":"2024-11-06T18:37:10","slug":"association-carapaces-rhodaniennes","status":"publish","type":"page","link":"https:\/\/www.carapacesrhodaniennes.com\/","title":{"rendered":"Association Carapaces Rhodaniennes"},"content":{"rendered":"\n<p>Association loi 1901 \u00e0 but non lucratif, nous sommes une \u00e9quipe de passionn\u00e9s et de professionnels de la sant\u00e9 animale, tous et toutes b\u00e9n\u00e9voles !<\/p>\n\n\n\n<p>Notre objectif est la pr\u00e9servation et le bien-\u00eatre des tortues. <br>A ce titre, nos missions sont ax\u00e9es sur l&rsquo;information, l&rsquo;orientation et la sensibilisation du public aux diff\u00e9rentes esp\u00e8ces de tortues.<\/p>\n\n\n\n<p><\/p>\n","protected":false},"excerpt":{"rendered":"<p>Association loi 1901 \u00e0 but non lucratif, nous sommes une \u00e9quipe de passionn\u00e9s et de professionnels de la sant\u00e9 animale, tous et toutes b\u00e9n\u00e9voles ! Notre objectif est la pr\u00e9servation et le bien-\u00eatre des tortues. A ce titre, nos missions &hellip; <a href=\"https:\/\/www.carapacesrhodaniennes.com\/\">Lire la suite\u00ad\u00ad<\/a><\/p>\n","protected":false},"author":1,"featured_media":198,"parent":0,"menu_order":0,"comment_status":"closed","ping_status":"closed","template":"","meta":{"_themeisle_gutenberg_block_has_review":false,"footnotes":""},"class_list":["post-58","page","type-page","status-publish","has-post-thumbnail","hentry"],"yoast_head":"<!-- This site is optimized with the Yoast SEO plugin v27.4 - https:\/\/yoast.com\/product\/yoast-seo-wordpress\/ -->\n<title>Association Carapaces Rhodaniennes - Association Carapaces Rhodaniennes<\/title>\n<meta name=\"robots\" content=\"index, follow, max-snippet:-1, max-image-preview:large, max-video-preview:-1\" \/>\n<link rel=\"canonical\" href=\"https:\/\/www.carapacesrhodaniennes.com\/\" \/>\n<meta property=\"og:locale\" content=\"fr_FR\" \/>\n<meta property=\"og:type\" content=\"article\" \/>\n<meta property=\"og:title\" content=\"Association Carapaces Rhodaniennes - Association Carapaces Rhodaniennes\" \/>\n<meta property=\"og:description\" content=\"Association loi 1901 \u00e0 but non lucratif, nous sommes une \u00e9quipe de passionn\u00e9s et de professionnels de la sant\u00e9 animale, tous et toutes b\u00e9n\u00e9voles ! Notre objectif est la pr\u00e9servation et le bien-\u00eatre des tortues. A ce titre, nos missions &hellip; Lire la suite\u00ad\u00ad\" \/>\n<meta property=\"og:url\" content=\"https:\/\/www.carapacesrhodaniennes.com\/\" \/>\n<meta property=\"og:site_name\" content=\"Association Carapaces Rhodaniennes\" \/>\n<meta property=\"article:modified_time\" content=\"2024-11-06T18:37:10+00:00\" \/>\n<meta property=\"og:image\" content=\"https:\/\/www.carapacesrhodaniennes.com\/wp-content\/uploads\/2024\/10\/Cistude-dEurope-galloitalica_RN-Plaine-des-Maures_15_05_14_DSC04929.jpg\" \/>\n\t<meta property=\"og:image:width\" content=\"1080\" \/>\n\t<meta property=\"og:image:height\" content=\"723\" \/>\n\t<meta property=\"og:image:type\" content=\"image\/jpeg\" \/>\n<meta name=\"twitter:card\" content=\"summary_large_image\" \/>\n<meta name=\"twitter:label1\" content=\"Dur\u00e9e de lecture estim\u00e9e\" \/>\n\t<meta name=\"twitter:data1\" content=\"1 minute\" \/>\n<script type=\"application\/ld+json\" class=\"yoast-schema-graph\">{\"@context\":\"https:\\\/\\\/schema.org\",\"@graph\":[{\"@type\":\"WebPage\",\"@id\":\"https:\\\/\\\/www.carapacesrhodaniennes.com\\\/\",\"url\":\"https:\\\/\\\/www.carapacesrhodaniennes.com\\\/\",\"name\":\"Association Carapaces Rhodaniennes - Association Carapaces Rhodaniennes\",\"isPartOf\":{\"@id\":\"https:\\\/\\\/www.carapacesrhodaniennes.com\\\/#website\"},\"primaryImageOfPage\":{\"@id\":\"https:\\\/\\\/www.carapacesrhodaniennes.com\\\/#primaryimage\"},\"image\":{\"@id\":\"https:\\\/\\\/www.carapacesrhodaniennes.com\\\/#primaryimage\"},\"thumbnailUrl\":\"https:\\\/\\\/www.carapacesrhodaniennes.com\\\/wp-content\\\/uploads\\\/2024\\\/10\\\/Cistude-dEurope-galloitalica_RN-Plaine-des-Maures_15_05_14_DSC04929.jpg\",\"datePublished\":\"2024-09-12T21:17:58+00:00\",\"dateModified\":\"2024-11-06T18:37:10+00:00\",\"breadcrumb\":{\"@id\":\"https:\\\/\\\/www.carapacesrhodaniennes.com\\\/#breadcrumb\"},\"inLanguage\":\"fr-FR\",\"potentialAction\":[{\"@type\":\"ReadAction\",\"target\":[\"https:\\\/\\\/www.carapacesrhodaniennes.com\\\/\"]}]},{\"@type\":\"ImageObject\",\"inLanguage\":\"fr-FR\",\"@id\":\"https:\\\/\\\/www.carapacesrhodaniennes.com\\\/#primaryimage\",\"url\":\"https:\\\/\\\/www.carapacesrhodaniennes.com\\\/wp-content\\\/uploads\\\/2024\\\/10\\\/Cistude-dEurope-galloitalica_RN-Plaine-des-Maures_15_05_14_DSC04929.jpg\",\"contentUrl\":\"https:\\\/\\\/www.carapacesrhodaniennes.com\\\/wp-content\\\/uploads\\\/2024\\\/10\\\/Cistude-dEurope-galloitalica_RN-Plaine-des-Maures_15_05_14_DSC04929.jpg\",\"width\":1080,\"height\":723,\"caption\":\"Cistude d'Europe\"},{\"@type\":\"BreadcrumbList\",\"@id\":\"https:\\\/\\\/www.carapacesrhodaniennes.com\\\/#breadcrumb\",\"itemListElement\":[{\"@type\":\"ListItem\",\"position\":1,\"name\":\"Accueil\",\"item\":\"https:\\\/\\\/www.carapacesrhodaniennes.com\\\/\"},{\"@type\":\"ListItem\",\"position\":2,\"name\":\"Association Carapaces Rhodaniennes\"}]},{\"@type\":\"WebSite\",\"@id\":\"https:\\\/\\\/www.carapacesrhodaniennes.com\\\/#website\",\"url\":\"https:\\\/\\\/www.carapacesrhodaniennes.com\\\/\",\"name\":\"Association Carapaces Rhodaniennes\",\"description\":\"Rien ne sert de courir, il faut partir \u00e0 point.\",\"publisher\":{\"@id\":\"https:\\\/\\\/www.carapacesrhodaniennes.com\\\/#organization\"},\"potentialAction\":[{\"@type\":\"SearchAction\",\"target\":{\"@type\":\"EntryPoint\",\"urlTemplate\":\"https:\\\/\\\/www.carapacesrhodaniennes.com\\\/?s={search_term_string}\"},\"query-input\":{\"@type\":\"PropertyValueSpecification\",\"valueRequired\":true,\"valueName\":\"search_term_string\"}}],\"inLanguage\":\"fr-FR\"},{\"@type\":\"Organization\",\"@id\":\"https:\\\/\\\/www.carapacesrhodaniennes.com\\\/#organization\",\"name\":\"Association Carapaces Rhodaniennes\",\"url\":\"https:\\\/\\\/www.carapacesrhodaniennes.com\\\/\",\"logo\":{\"@type\":\"ImageObject\",\"inLanguage\":\"fr-FR\",\"@id\":\"https:\\\/\\\/www.carapacesrhodaniennes.com\\\/#\\\/schema\\\/logo\\\/image\\\/\",\"url\":\"https:\\\/\\\/www.carapacesrhodaniennes.com\\\/wp-content\\\/uploads\\\/2024\\\/08\\\/cropped-LOGO_carapaces-rhodaniennes_format-JPG-1.jpg\",\"contentUrl\":\"https:\\\/\\\/www.carapacesrhodaniennes.com\\\/wp-content\\\/uploads\\\/2024\\\/08\\\/cropped-LOGO_carapaces-rhodaniennes_format-JPG-1.jpg\",\"width\":1381,\"height\":1386,\"caption\":\"Association Carapaces Rhodaniennes\"},\"image\":{\"@id\":\"https:\\\/\\\/www.carapacesrhodaniennes.com\\\/#\\\/schema\\\/logo\\\/image\\\/\"}}]}<\/script>\n<!-- \/ Yoast SEO plugin. -->","yoast_head_json":{"title":"Association Carapaces Rhodaniennes - Association Carapaces Rhodaniennes","robots":{"index":"index","follow":"follow","max-snippet":"max-snippet:-1","max-image-preview":"max-image-preview:large","max-video-preview":"max-video-preview:-1"},"canonical":"https:\/\/www.carapacesrhodaniennes.com\/","og_locale":"fr_FR","og_type":"article","og_title":"Association Carapaces Rhodaniennes - Association Carapaces Rhodaniennes","og_description":"Association loi 1901 \u00e0 but non lucratif, nous sommes une \u00e9quipe de passionn\u00e9s et de professionnels de la sant\u00e9 animale, tous et toutes b\u00e9n\u00e9voles ! Notre objectif est la pr\u00e9servation et le bien-\u00eatre des tortues. A ce titre, nos missions &hellip; Lire la suite\u00ad\u00ad","og_url":"https:\/\/www.carapacesrhodaniennes.com\/","og_site_name":"Association Carapaces Rhodaniennes","article_modified_time":"2024-11-06T18:37:10+00:00","og_image":[{"width":1080,"height":723,"url":"https:\/\/www.carapacesrhodaniennes.com\/wp-content\/uploads\/2024\/10\/Cistude-dEurope-galloitalica_RN-Plaine-des-Maures_15_05_14_DSC04929.jpg","type":"image\/jpeg"}],"twitter_card":"summary_large_image","twitter_misc":{"Dur\u00e9e de lecture estim\u00e9e":"1 minute"},"schema":{"@context":"https:\/\/schema.org","@graph":[{"@type":"WebPage","@id":"https:\/\/www.carapacesrhodaniennes.com\/","url":"https:\/\/www.carapacesrhodaniennes.com\/","name":"Association Carapaces Rhodaniennes - Association Carapaces Rhodaniennes","isPartOf":{"@id":"https:\/\/www.carapacesrhodaniennes.com\/#website"},"primaryImageOfPage":{"@id":"https:\/\/www.carapacesrhodaniennes.com\/#primaryimage"},"image":{"@id":"https:\/\/www.carapacesrhodaniennes.com\/#primaryimage"},"thumbnailUrl":"https:\/\/www.carapacesrhodaniennes.com\/wp-content\/uploads\/2024\/10\/Cistude-dEurope-galloitalica_RN-Plaine-des-Maures_15_05_14_DSC04929.jpg","datePublished":"2024-09-12T21:17:58+00:00","dateModified":"2024-11-06T18:37:10+00:00","breadcrumb":{"@id":"https:\/\/www.carapacesrhodaniennes.com\/#breadcrumb"},"inLanguage":"fr-FR","potentialAction":[{"@type":"ReadAction","target":["https:\/\/www.carapacesrhodaniennes.com\/"]}]},{"@type":"ImageObject","inLanguage":"fr-FR","@id":"https:\/\/www.carapacesrhodaniennes.com\/#primaryimage","url":"https:\/\/www.carapacesrhodaniennes.com\/wp-content\/uploads\/2024\/10\/Cistude-dEurope-galloitalica_RN-Plaine-des-Maures_15_05_14_DSC04929.jpg","contentUrl":"https:\/\/www.carapacesrhodaniennes.com\/wp-content\/uploads\/2024\/10\/Cistude-dEurope-galloitalica_RN-Plaine-des-Maures_15_05_14_DSC04929.jpg","width":1080,"height":723,"caption":"Cistude d'Europe"},{"@type":"BreadcrumbList","@id":"https:\/\/www.carapacesrhodaniennes.com\/#breadcrumb","itemListElement":[{"@type":"ListItem","position":1,"name":"Accueil","item":"https:\/\/www.carapacesrhodaniennes.com\/"},{"@type":"ListItem","position":2,"name":"Association Carapaces Rhodaniennes"}]},{"@type":"WebSite","@id":"https:\/\/www.carapacesrhodaniennes.com\/#website","url":"https:\/\/www.carapacesrhodaniennes.com\/","name":"Association Carapaces Rhodaniennes","description":"Rien ne sert de courir, il faut partir \u00e0 point.","publisher":{"@id":"https:\/\/www.carapacesrhodaniennes.com\/#organization"},"potentialAction":[{"@type":"SearchAction","target":{"@type":"EntryPoint","urlTemplate":"https:\/\/www.carapacesrhodaniennes.com\/?s={search_term_string}"},"query-input":{"@type":"PropertyValueSpecification","valueRequired":true,"valueName":"search_term_string"}}],"inLanguage":"fr-FR"},{"@type":"Organization","@id":"https:\/\/www.carapacesrhodaniennes.com\/#organization","name":"Association Carapaces Rhodaniennes","url":"https:\/\/www.carapacesrhodaniennes.com\/","logo":{"@type":"ImageObject","inLanguage":"fr-FR","@id":"https:\/\/www.carapacesrhodaniennes.com\/#\/schema\/logo\/image\/","url":"https:\/\/www.carapacesrhodaniennes.com\/wp-content\/uploads\/2024\/08\/cropped-LOGO_carapaces-rhodaniennes_format-JPG-1.jpg","contentUrl":"https:\/\/www.carapacesrhodaniennes.com\/wp-content\/uploads\/2024\/08\/cropped-LOGO_carapaces-rhodaniennes_format-JPG-1.jpg","width":1381,"height":1386,"caption":"Association Carapaces Rhodaniennes"},"image":{"@id":"https:\/\/www.carapacesrhodaniennes.com\/#\/schema\/logo\/image\/"}}]}},"_links":{"self":[{"href":"https:\/\/www.carapacesrhodaniennes.com\/index.php\/wp-json\/wp\/v2\/pages\/58","targetHints":{"allow":["GET"]}}],"collection":[{"href":"https:\/\/www.carapacesrhodaniennes.com\/index.php\/wp-json\/wp\/v2\/pages"}],"about":[{"href":"https:\/\/www.carapacesrhodaniennes.com\/index.php\/wp-json\/wp\/v2\/types\/page"}],"author":[{"embeddable":true,"href":"https:\/\/www.carapacesrhodaniennes.com\/index.php\/wp-json\/wp\/v2\/users\/1"}],"replies":[{"embeddable":true,"href":"https:\/\/www.carapacesrhodaniennes.com\/index.php\/wp-json\/wp\/v2\/comments?post=58"}],"version-history":[{"count":26,"href":"https:\/\/www.carapacesrhodaniennes.com\/index.php\/wp-json\/wp\/v2\/pages\/58\/revisions"}],"predecessor-version":[{"id":361,"href":"https:\/\/www.carapacesrhodaniennes.com\/index.php\/wp-json\/wp\/v2\/pages\/58\/revisions\/361"}],"wp:featuredmedia":[{"embeddable":true,"href":"https:\/\/www.carapacesrhodaniennes.com\/index.php\/wp-json\/wp\/v2\/media\/198"}],"wp:attachment":[{"href":"https:\/\/www.carapacesrhodaniennes.com\/index.php\/wp-json\/wp\/v2\/media?parent=58"}],"curies":[{"name":"wp","href":"https:\/\/api.w.org\/{rel}","templated":true}]}}